{"id":51,"date":"2026-03-06T16:09:35","date_gmt":"2026-03-06T15:09:35","guid":{"rendered":"https:\/\/ahnemueller.de\/?page_id=51"},"modified":"2026-03-11T15:59:35","modified_gmt":"2026-03-11T14:59:35","slug":"fernwartung","status":"publish","type":"page","link":"https:\/\/ahnemueller.de\/","title":{"rendered":"Fernwartung &#038; IT\u2011Support"},"content":{"rendered":"\t\t<div data-elementor-type=\"wp-page\" data-elementor-id=\"51\" class=\"elementor elementor-51\">\n\t\t\t\t<div class=\"elementor-element elementor-element-7bb6c3d4 e-flex e-con-boxed e-con e-parent\" data-id=\"7bb6c3d4\" data-element_type=\"container\" data-e-type=\"container\">\n\t\t\t\t\t<div class=\"e-con-inner\">\n\t\t\t\t<div class=\"elementor-element elementor-element-11fc5fc3 elementor-widget elementor-widget-text-editor\" data-id=\"11fc5fc3\" data-element_type=\"widget\" data-e-type=\"widget\" data-widget_type=\"text-editor.default\">\n\t\t\t\t\t\t\t\t\t<p><\/p>\n<div style=\"height:100px\" aria-hidden=\"true\" class=\"wp-block-spacer\"><\/div>\n<p><\/p>\n<p><\/p>\n<figure class=\"wp-block-image aligncenter is-style-default\"><a href=\"https:\/\/gw52.pcvisit.de\/v1\/hosted\/jumplink?func=download&amp;productrole=guestSetup&amp;gateway=stable-update.pcvisit.de&amp;companyid=4346439502\"><img decoding=\"async\" src=\"https:\/\/gw52.pcvisit.de\/v1\/hosted\/jumplink?func=external_website&amp;topic=client_image\" alt=\"pcvisit Kunden-Modul pcvisit starten\"><\/a><\/figure>\n<p><\/p>\n<p><\/p>\n<div style=\"height:100px\" aria-hidden=\"true\" class=\"wp-block-spacer\"><\/div>\n<p><\/p>\n<p><\/p>\n<hr class=\"wp-block-separator has-alpha-channel-opacity is-style-wide\">\n<p><\/p>\n<p style=\"text-align: center;\">Alle Verbindungen laufen \u00fcber gesicherte und authentifizierte Server in Deutschland.<\/p>\n<p><!-- \/wp:spacer --><\/p>\n<p><!-- wp:paragraph --><\/p>\n<p><!-- \/wp:paragraph --><\/p>\t\t\t\t\t\t\t\t<\/div>\n\t\t\t\t\t<\/div>\n\t\t\t\t<\/div>\n\t\t<div class=\"elementor-element elementor-element-696cf0c e-flex e-con-boxed e-con e-parent\" data-id=\"696cf0c\" data-element_type=\"container\" data-e-type=\"container\">\n\t\t\t\t\t<div class=\"e-con-inner\">\n\t\t\t\t<div class=\"elementor-element elementor-element-5c5dcc0 elementor-widget elementor-widget-text-editor\" data-id=\"5c5dcc0\" data-element_type=\"widget\" data-e-type=\"widget\" data-widget_type=\"text-editor.default\">\n\t\t\t\t\t\t\t\t\t<p>Fernwartung f\u00fcr PCs &amp; Server \u2013 Ihr schneller und sicherer IT\u2011Support aus Th\u00fcringen<\/p>\n<p>Die <strong>Fernwartung f\u00fcr PCs und Server<\/strong> ist eine der effizientesten L\u00f6sungen, um IT\u2011Probleme schnell, sicher und ohne Vor\u2011Ort\u2011Einsatz zu beheben. Mit moderner <strong>Remote\u2011Support\u2011Software<\/strong> greifen wir direkt auf Ihre Systeme zu, analysieren Fehler und f\u00fchren notwendige Ma\u00dfnahmen durch \u2013 unabh\u00e4ngig von Ihrem Standort. Ob <strong>Software\u2011Updates<\/strong>, <strong>Sicherheits\u00adpatches<\/strong>, Installationen oder die Diagnose von Hardware\u2011 und Softwareproblemen: Unsere Fernwartung sorgt f\u00fcr maximale Flexibilit\u00e4t und sofortige Hilfe.<\/p>\n<p><strong>Warum Fernwartung? Weniger Ausfallzeiten, mehr Sicherheit, h\u00f6here Effizienz<\/strong><\/p>\n<p>Unternehmen profitieren besonders von professioneller Fernwartung, denn IT\u2011Probleme lassen sich meist in Echtzeit l\u00f6sen. Das reduziert Ausfallzeiten erheblich und sorgt f\u00fcr einen reibungslosen Arbeitsablauf.<br \/>Unsere Experten \u00fcbernehmen zudem ein <strong>proaktives Server\u2011Monitoring<\/strong>, erkennen potenzielle Risiken fr\u00fchzeitig und beheben Fehler, bevor sie zu St\u00f6rungen f\u00fchren. Das erh\u00f6ht die Sicherheit und Stabilit\u00e4t Ihrer gesamten IT\u2011Infrastruktur.<\/p>\n<p><strong>Ihre Vorteile auf einen Blick<\/strong><\/p>\n<ul>\n<li>Schnelle Hilfe durch direkten Remote\u2011Zugriff<\/li>\n<li>Sofortige Fehlerdiagnose und Probleml\u00f6sung<\/li>\n<li>Minimierte Ausfallzeiten und h\u00f6here Produktivit\u00e4t<\/li>\n<li>Proaktives Monitoring von Servern und Arbeitspl\u00e4tzen<\/li>\n<li>H\u00f6here IT\u2011Sicherheit durch regelm\u00e4\u00dfige Updates und Wartung<\/li>\n<li>Keine Anfahrtskosten, keine Wartezeiten<\/li>\n<\/ul>\n<p><strong>IT-Systeme Ahnem\u00fcller e. K. \u2013 Ihr IT\u2011Dienstleister f\u00fcr professionelle Fernwartung in Th\u00fcringen<\/strong><\/p>\n<p>Als erfahrener <strong>IT\u2011Dienstleister in Th\u00fcringen<\/strong> bieten wir ma\u00dfgeschneiderte Fernwartungsl\u00f6sungen f\u00fcr Unternehmen, Selbstst\u00e4ndige und Privatkunden. W\u00e4hrend Sie sich auf Ihr Kerngesch\u00e4ft konzentrieren, k\u00fcmmern wir uns zuverl\u00e4ssig um Ihre IT.<\/p>\n<p>Setzen Sie auf schnellen, sicheren und professionellen <strong>IT\u2011Support<\/strong>, der jederzeit und \u00fcberall verf\u00fcgbar ist.<br \/><strong>IT-Systeme Ahnem\u00fcller e. K. \u2013 Ihr Partner f\u00fcr moderne IT\u2011Wartung und Remote\u2011Service.<\/strong><\/p>\n<p><!--EndFragment --><\/p>\t\t\t\t\t\t\t\t<\/div>\n\t\t\t\t\t<\/div>\n\t\t\t\t<\/div>\n\t\t\t\t<\/div>\n\t\t","protected":false},"excerpt":{"rendered":"<p>Alle Verbindungen laufen \u00fcber gesicherte und authentifizierte Server in Deutschland. Fernwartung f\u00fcr PCs &amp; Server \u2013 Ihr schneller und sicherer IT\u2011Support aus Th\u00fcringen Die Fernwartung f\u00fcr PCs und Server ist eine der effizientesten L\u00f6sungen, um IT\u2011Probleme schnell, sicher und ohne Vor\u2011Ort\u2011Einsatz zu beheben. Mit moderner Remote\u2011Support\u2011Software greifen wir direkt auf Ihre Systeme zu, analysieren Fehler &hellip; <\/p>\n<p class=\"link-more\"><a href=\"https:\/\/ahnemueller.de\/\" class=\"more-link\">Mehr <span class=\"screen-reader-text\">\u00fcber &#8222;Fernwartung &#038; IT\u2011Support&#8220; <\/span>Lesen<\/a><\/p>\n","protected":false},"author":1,"featured_media":0,"parent":0,"menu_order":0,"comment_status":"closed","ping_status":"closed","template":"","meta":{"inspiro_hide_title":false,"footnotes":""},"class_list":["post-51","page","type-page","status-publish","hentry"],"featured_media_urls":[],"_links":{"self":[{"href":"https:\/\/ahnemueller.de\/index.php\/wp-json\/wp\/v2\/pages\/51","targetHints":{"allow":["GET"]}}],"collection":[{"href":"https:\/\/ahnemueller.de\/index.php\/wp-json\/wp\/v2\/pages"}],"about":[{"href":"https:\/\/ahnemueller.de\/index.php\/wp-json\/wp\/v2\/types\/page"}],"author":[{"embeddable":true,"href":"https:\/\/ahnemueller.de\/index.php\/wp-json\/wp\/v2\/users\/1"}],"replies":[{"embeddable":true,"href":"https:\/\/ahnemueller.de\/index.php\/wp-json\/wp\/v2\/comments?post=51"}],"version-history":[{"count":23,"href":"https:\/\/ahnemueller.de\/index.php\/wp-json\/wp\/v2\/pages\/51\/revisions"}],"predecessor-version":[{"id":124,"href":"https:\/\/ahnemueller.de\/index.php\/wp-json\/wp\/v2\/pages\/51\/revisions\/124"}],"wp:attachment":[{"href":"https:\/\/ahnemueller.de\/index.php\/wp-json\/wp\/v2\/media?parent=51"}],"curies":[{"name":"wp","href":"https:\/\/api.w.org\/{rel}","templated":true}]}}